{"id":269,"date":"2024-05-08T14:25:40","date_gmt":"2024-05-08T18:25:40","guid":{"rendered":"https:\/\/grenville.swlauriersb.qc.ca\/staff\/"},"modified":"2025-05-28T10:39:56","modified_gmt":"2025-05-28T14:39:56","slug":"personnel","status":"publish","type":"page","link":"https:\/\/grenville.swlauriersb.qc.ca\/fr\/a-propos\/personnel\/","title":{"rendered":"Personnel"},"content":{"rendered":"\n<section class=\"wp-block-vortex-blocks-section-background alignfull section-background-block has-white-color has-teal-700-background-color has-text-color has-background has-link-color wp-elements-d31673626accdcb70563df3636f5db41\"><div class=\"section-background-block__inner\"><div class=\"section-background-block__heading\"><div class=\"section-background-block__heading__col section-background-block__heading__col--content\"><p class=\"is-style-suptitle section-suptitle\">notre \u00e9cole<\/p><h2 class=\"section-title\">Notre personnel<\/h2><\/div><div class=\"section-background-block__heading__col section-background-block__heading__col--illustration\"><div class=\"section-background-block__illustration section-illustration\" data-illustration=\"books\"><\/div><\/div><\/div>\n<div class=\"wp-block-columns is-layout-flex wp-container-core-columns-is-layout-1 wp-block-columns-is-layout-flex\">\n<div class=\"wp-block-column is-layout-flow wp-block-column-is-layout-flow\">\n<figure class=\"wp-block-image size-full is-resized is-style-team-portrait\"><img loading=\"lazy\" decoding=\"async\" width=\"640\" height=\"800\" src=\"http:\/\/grenville.swlauriersb.qc.ca\/wp-content\/uploads\/sites\/16\/2024\/05\/GES_BENNETT_NANCY_StaffPhoto_2023-2024.jpg\" alt=\"\" class=\"wp-image-189\" style=\"aspect-ratio:0.6666666666666666;object-fit:cover;width:272px;height:auto\" title=\"\" srcset=\"https:\/\/grenville.swlauriersb.qc.ca\/wp-content\/uploads\/sites\/16\/2024\/05\/GES_BENNETT_NANCY_StaffPhoto_2023-2024.jpg 640w, https:\/\/grenville.swlauriersb.qc.ca\/wp-content\/uploads\/sites\/16\/2024\/05\/GES_BENNETT_NANCY_StaffPhoto_2023-2024-240x300.jpg 240w\" sizes=\"(max-width: 640px) 100vw, 640px\" \/><\/figure>\n\n\n\n<h4 class=\"wp-block-heading is-style-team-member-name has-white-color has-text-color has-link-color wp-elements-3fc3b338890949a28d17fb288146265d\">Nancy Bennett&nbsp;&nbsp;<\/h4>\n\n\n\n<p class=\"has-white-color has-text-color has-link-color wp-elements-f187b69dd6792c425111ac8501939a3a\">Directrice&nbsp;&nbsp;<\/p>\n<\/div>\n\n\n\n<div class=\"wp-block-column is-layout-flow wp-block-column-is-layout-flow\">\n<figure class=\"wp-block-image size-full is-resized is-style-team-portrait\"><img loading=\"lazy\" decoding=\"async\" width=\"2560\" height=\"1978\" src=\"http:\/\/grenville.swlauriersb.qc.ca\/wp-content\/uploads\/sites\/16\/2024\/06\/pic-scaled.jpg\" alt=\"\" class=\"wp-image-571\" style=\"aspect-ratio:0.6666666666666666;object-fit:cover;width:272px;height:auto\" title=\"\" srcset=\"https:\/\/grenville.swlauriersb.qc.ca\/wp-content\/uploads\/sites\/16\/2024\/06\/pic-scaled.jpg 2560w, https:\/\/grenville.swlauriersb.qc.ca\/wp-content\/uploads\/sites\/16\/2024\/06\/pic-300x232.jpg 300w, https:\/\/grenville.swlauriersb.qc.ca\/wp-content\/uploads\/sites\/16\/2024\/06\/pic-1024x791.jpg 1024w, https:\/\/grenville.swlauriersb.qc.ca\/wp-content\/uploads\/sites\/16\/2024\/06\/pic-768x593.jpg 768w, https:\/\/grenville.swlauriersb.qc.ca\/wp-content\/uploads\/sites\/16\/2024\/06\/pic-1536x1187.jpg 1536w, https:\/\/grenville.swlauriersb.qc.ca\/wp-content\/uploads\/sites\/16\/2024\/06\/pic-2048x1583.jpg 2048w\" sizes=\"(max-width: 2560px) 100vw, 2560px\" \/><\/figure>\n\n\n\n<h4 class=\"wp-block-heading is-style-team-portrait has-white-color has-text-color\">Heather De Marinis&nbsp;&nbsp;<\/h4>\n\n\n\n<p class=\"has-white-color has-text-color has-link-color wp-elements-2240e2aaed4eadd22cbfe653ef5e5336\">Secr\u00e9taire&nbsp;&nbsp;<\/p>\n<\/div>\n\n\n\n<div class=\"wp-block-column is-layout-flow wp-block-column-is-layout-flow\">\n<figure class=\"wp-block-image size-full is-style-team-portrait\"><img loading=\"lazy\" decoding=\"async\" width=\"640\" height=\"800\" src=\"http:\/\/grenville.swlauriersb.qc.ca\/wp-content\/uploads\/sites\/16\/2024\/05\/GES_LALANCETTE_NATHALIE_StaffPhoto_2023-2024.jpg\" alt=\"\" class=\"wp-image-193\" style=\"aspect-ratio:2\/3;object-fit:cover\" title=\"\" srcset=\"https:\/\/grenville.swlauriersb.qc.ca\/wp-content\/uploads\/sites\/16\/2024\/05\/GES_LALANCETTE_NATHALIE_StaffPhoto_2023-2024.jpg 640w, https:\/\/grenville.swlauriersb.qc.ca\/wp-content\/uploads\/sites\/16\/2024\/05\/GES_LALANCETTE_NATHALIE_StaffPhoto_2023-2024-240x300.jpg 240w\" sizes=\"(max-width: 640px) 100vw, 640px\" \/><\/figure>\n\n\n\n<h4 class=\"wp-block-heading is-style-team-member-name has-white-color has-text-color has-link-color wp-elements-47994f11355c10909f4a142b9469b1e5\">Nathalie Lalancette<\/h4>\n\n\n\n<p class=\"has-white-color has-text-color has-link-color wp-elements-e888e00a9a9b51147cee5d30de82ec8e\">Maternelle 5 ans\u00a0\u00a0<\/p>\n<\/div>\n\n\n\n<div class=\"wp-block-column is-layout-flow wp-block-column-is-layout-flow\">\n<figure class=\"wp-block-image size-full is-style-team-portrait\"><img loading=\"lazy\" decoding=\"async\" width=\"640\" height=\"800\" src=\"http:\/\/grenville.swlauriersb.qc.ca\/wp-content\/uploads\/sites\/16\/2024\/06\/015_WILDE_KIMBERLEY_01.jpg\" alt=\"\" class=\"wp-image-418\" style=\"aspect-ratio:2\/3;object-fit:cover\" title=\"\" srcset=\"https:\/\/grenville.swlauriersb.qc.ca\/wp-content\/uploads\/sites\/16\/2024\/06\/015_WILDE_KIMBERLEY_01.jpg 640w, https:\/\/grenville.swlauriersb.qc.ca\/wp-content\/uploads\/sites\/16\/2024\/06\/015_WILDE_KIMBERLEY_01-240x300.jpg 240w\" sizes=\"(max-width: 640px) 100vw, 640px\" \/><\/figure>\n\n\n\n<h4 class=\"wp-block-heading is-style-team-member-name has-white-color has-text-color has-link-color wp-elements-d13ae0cd1a934e938f7417a5352ef022\">Kimberley Wilde&nbsp;&nbsp;<\/h4>\n\n\n\n<p class=\"has-white-color has-text-color has-link-color wp-elements-1e8a8557cb615248e638ac9a9a201b77\">1<sup>\u02b3\u1d49<\/sup>  et  2\u1d49 ann\u00e9e\u00a0\u00a0<\/p>\n<\/div>\n<\/div>\n\n\n\n<div class=\"wp-block-columns is-layout-flex wp-container-core-columns-is-layout-2 wp-block-columns-is-layout-flex\">\n<div class=\"wp-block-column is-layout-flow wp-block-column-is-layout-flow\">\n<figure class=\"wp-block-image size-full is-style-team-portrait\"><img loading=\"lazy\" decoding=\"async\" width=\"640\" height=\"800\" src=\"http:\/\/grenville.swlauriersb.qc.ca\/wp-content\/uploads\/sites\/16\/2024\/06\/022_GIBSON_GRACE_01.jpg\" alt=\"\" class=\"wp-image-420\" style=\"aspect-ratio:2\/3;object-fit:cover\" title=\"\" srcset=\"https:\/\/grenville.swlauriersb.qc.ca\/wp-content\/uploads\/sites\/16\/2024\/06\/022_GIBSON_GRACE_01.jpg 640w, https:\/\/grenville.swlauriersb.qc.ca\/wp-content\/uploads\/sites\/16\/2024\/06\/022_GIBSON_GRACE_01-240x300.jpg 240w\" sizes=\"(max-width: 640px) 100vw, 640px\" \/><\/figure>\n\n\n\n<h4 class=\"wp-block-heading is-style-team-member-name has-white-color has-text-color has-link-color wp-elements-e78aa7f34c5b2badad2429909233522a\">Grace Gibson&nbsp;<\/h4>\n\n\n\n<p class=\"has-white-color has-text-color has-link-color wp-elements-0542dbcc14cb8f6a8b2bb6f82d309494\">3\u1d49 ann\u00e9e\u00a0\u00a0<\/p>\n<\/div>\n\n\n\n<div class=\"wp-block-column is-layout-flow wp-block-column-is-layout-flow\">\n<figure class=\"wp-block-image size-full is-style-team-portrait\"><img loading=\"lazy\" decoding=\"async\" width=\"640\" height=\"800\" src=\"http:\/\/grenville.swlauriersb.qc.ca\/wp-content\/uploads\/sites\/16\/2024\/05\/GES_SARRAZIN-LALONDE_KRISTEN_StaffPhoto_2023-2024.jpg\" alt=\"\" class=\"wp-image-199\" style=\"aspect-ratio:2\/3;object-fit:cover\" title=\"\" srcset=\"https:\/\/grenville.swlauriersb.qc.ca\/wp-content\/uploads\/sites\/16\/2024\/05\/GES_SARRAZIN-LALONDE_KRISTEN_StaffPhoto_2023-2024.jpg 640w, https:\/\/grenville.swlauriersb.qc.ca\/wp-content\/uploads\/sites\/16\/2024\/05\/GES_SARRAZIN-LALONDE_KRISTEN_StaffPhoto_2023-2024-240x300.jpg 240w\" sizes=\"(max-width: 640px) 100vw, 640px\" \/><\/figure>\n\n\n\n<h4 class=\"wp-block-heading is-style-team-member-name has-white-color has-text-color has-link-color wp-elements-0821f623f9f28db1b617dfb81a5993ac\">Kristen Sarrazin Lalonde<\/h4>\n\n\n\n<p class=\"has-white-color has-text-color has-link-color wp-elements-14aef51e232cc0cb81a22f6c3834a686\">Maternelle 4 ans\u00a0<\/p>\n<\/div>\n\n\n\n<div class=\"wp-block-column is-layout-flow wp-block-column-is-layout-flow\">\n<figure class=\"wp-block-image size-full is-style-team-portrait\"><img loading=\"lazy\" decoding=\"async\" width=\"640\" height=\"800\" src=\"http:\/\/grenville.swlauriersb.qc.ca\/wp-content\/uploads\/sites\/16\/2024\/05\/GES_WICKI_MEGHANN_StaffPhoto_2023-2024.jpg\" alt=\"\" class=\"wp-image-205\" style=\"aspect-ratio:2\/3;object-fit:cover\" title=\"\" srcset=\"https:\/\/grenville.swlauriersb.qc.ca\/wp-content\/uploads\/sites\/16\/2024\/05\/GES_WICKI_MEGHANN_StaffPhoto_2023-2024.jpg 640w, https:\/\/grenville.swlauriersb.qc.ca\/wp-content\/uploads\/sites\/16\/2024\/05\/GES_WICKI_MEGHANN_StaffPhoto_2023-2024-240x300.jpg 240w\" sizes=\"(max-width: 640px) 100vw, 640px\" \/><\/figure>\n\n\n\n<h4 class=\"wp-block-heading is-style-team-member-name has-white-color has-text-color has-link-color wp-elements-6195e95d92580ba17ee4ee7327daa004\">Meghann Wicki&nbsp;&nbsp;<\/h4>\n\n\n\n<p class=\"has-white-color has-text-color has-link-color wp-elements-ec25de549bd1429b123feb6fe3bfd8df\">5\u1d49 ann\u00e9e\u00a0\u00a0<\/p>\n<\/div>\n\n\n\n<div class=\"wp-block-column is-layout-flow wp-block-column-is-layout-flow\">\n<figure class=\"wp-block-image size-full is-style-team-portrait\"><img loading=\"lazy\" decoding=\"async\" width=\"640\" height=\"800\" src=\"http:\/\/grenville.swlauriersb.qc.ca\/wp-content\/uploads\/sites\/16\/2024\/06\/078_GOORBARRY_AUDRA_01.jpg\" alt=\"\" class=\"wp-image-422\" style=\"aspect-ratio:2\/3;object-fit:cover\" title=\"\" srcset=\"https:\/\/grenville.swlauriersb.qc.ca\/wp-content\/uploads\/sites\/16\/2024\/06\/078_GOORBARRY_AUDRA_01.jpg 640w, https:\/\/grenville.swlauriersb.qc.ca\/wp-content\/uploads\/sites\/16\/2024\/06\/078_GOORBARRY_AUDRA_01-240x300.jpg 240w\" sizes=\"(max-width: 640px) 100vw, 640px\" \/><\/figure>\n\n\n\n<h4 class=\"wp-block-heading is-style-team-member-name has-white-color has-text-color has-link-color wp-elements-90ebe4aa0ef367312270117b330adeea\">Audra Goorbarry&nbsp;&nbsp;<\/h4>\n\n\n\n<p class=\"has-white-color has-text-color has-link-color wp-elements-adc7a40df1fb6a6d11dda49c75f266b2\">6\u1d49 ann\u00e9e\u00a0\u00a0<\/p>\n<\/div>\n<\/div>\n\n\n\n<div class=\"wp-block-columns is-layout-flex wp-container-core-columns-is-layout-3 wp-block-columns-is-layout-flex\">\n<div class=\"wp-block-column is-layout-flow wp-block-column-is-layout-flow\">\n<figure class=\"wp-block-image size-large\"><img loading=\"lazy\" decoding=\"async\" width=\"1024\" height=\"791\" src=\"https:\/\/grenville.swlauriersb.qc.ca\/wp-content\/uploads\/sites\/16\/2025\/05\/image-1024x791.png\" alt=\"\" class=\"wp-image-707\" style=\"aspect-ratio:2\/3;object-fit:cover\" title=\"\" srcset=\"https:\/\/grenville.swlauriersb.qc.ca\/wp-content\/uploads\/sites\/16\/2025\/05\/image-1024x791.png 1024w, https:\/\/grenville.swlauriersb.qc.ca\/wp-content\/uploads\/sites\/16\/2025\/05\/image-300x232.png 300w, https:\/\/grenville.swlauriersb.qc.ca\/wp-content\/uploads\/sites\/16\/2025\/05\/image-768x593.png 768w, https:\/\/grenville.swlauriersb.qc.ca\/wp-content\/uploads\/sites\/16\/2025\/05\/image-1536x1187.png 1536w, https:\/\/grenville.swlauriersb.qc.ca\/wp-content\/uploads\/sites\/16\/2025\/05\/image-2048x1582.png 2048w\" sizes=\"(max-width: 1024px) 100vw, 1024px\" \/><\/figure>\n\n\n\n<h4 class=\"wp-block-heading is-style-team-member-name has-white-color has-text-color has-link-color wp-elements-89aed2355ac8dcd4ccdc8017458be256\">Ang\u00e9lie Parent<\/h4>\n\n\n\n<p class=\"has-white-color has-text-color has-link-color wp-elements-1e5d46d5e0203eabd085abc564099a99\">FLS<\/p>\n<\/div>\n\n\n\n<div class=\"wp-block-column is-layout-flow wp-block-column-is-layout-flow\">\n<figure class=\"wp-block-image size-full is-style-team-portrait\"><img loading=\"lazy\" decoding=\"async\" width=\"640\" height=\"800\" src=\"http:\/\/grenville.swlauriersb.qc.ca\/wp-content\/uploads\/sites\/16\/2024\/05\/GES_MCCALL_ANNABELLE_StaffPhoto_2023-2024.jpg\" alt=\"\" class=\"wp-image-196\" style=\"aspect-ratio:2\/3;object-fit:cover\" title=\"\" srcset=\"https:\/\/grenville.swlauriersb.qc.ca\/wp-content\/uploads\/sites\/16\/2024\/05\/GES_MCCALL_ANNABELLE_StaffPhoto_2023-2024.jpg 640w, https:\/\/grenville.swlauriersb.qc.ca\/wp-content\/uploads\/sites\/16\/2024\/05\/GES_MCCALL_ANNABELLE_StaffPhoto_2023-2024-240x300.jpg 240w\" sizes=\"(max-width: 640px) 100vw, 640px\" \/><\/figure>\n\n\n\n<h4 class=\"wp-block-heading is-style-team-member-name has-white-color has-text-color has-link-color wp-elements-de05799b785e830f49d0186fddbb704f\">Annabelle McCall<\/h4>\n\n\n\n<p class=\"has-white-color has-text-color has-link-color wp-elements-1c7a151d1657c6f05246f26e9a0a67c7\">FLS\/responsable&nbsp;&nbsp;<\/p>\n<\/div>\n\n\n\n<div class=\"wp-block-column is-layout-flow wp-block-column-is-layout-flow\">\n<figure class=\"wp-block-image size-large is-style-team-portrait\"><img loading=\"lazy\" decoding=\"async\" width=\"1024\" height=\"791\" src=\"https:\/\/grenville.swlauriersb.qc.ca\/wp-content\/uploads\/sites\/16\/2025\/05\/image-1024x791.png\" alt=\"\" class=\"wp-image-707\" style=\"aspect-ratio:2\/3;object-fit:cover\" title=\"\" srcset=\"https:\/\/grenville.swlauriersb.qc.ca\/wp-content\/uploads\/sites\/16\/2025\/05\/image-1024x791.png 1024w, https:\/\/grenville.swlauriersb.qc.ca\/wp-content\/uploads\/sites\/16\/2025\/05\/image-300x232.png 300w, https:\/\/grenville.swlauriersb.qc.ca\/wp-content\/uploads\/sites\/16\/2025\/05\/image-768x593.png 768w, https:\/\/grenville.swlauriersb.qc.ca\/wp-content\/uploads\/sites\/16\/2025\/05\/image-1536x1187.png 1536w, https:\/\/grenville.swlauriersb.qc.ca\/wp-content\/uploads\/sites\/16\/2025\/05\/image-2048x1582.png 2048w\" sizes=\"(max-width: 1024px) 100vw, 1024px\" \/><\/figure>\n\n\n\n<h4 class=\"wp-block-heading is-style-team-member-name has-white-color has-text-color has-link-color wp-elements-53079ccc6dbedad737929de52d0c6e52\">Lisa Jennings<\/h4>\n\n\n\n<p class=\"has-white-color has-text-color has-link-color wp-elements-33d9bf55a1462d5e0246d5d6595c0e73\">Enseignante-ressource&nbsp;&nbsp;<\/p>\n<\/div>\n\n\n\n<div class=\"wp-block-column is-layout-flow wp-block-column-is-layout-flow\">\n<figure class=\"wp-block-image size-full is-style-team-portrait\"><img loading=\"lazy\" decoding=\"async\" width=\"2560\" height=\"1978\" src=\"http:\/\/grenville.swlauriersb.qc.ca\/wp-content\/uploads\/sites\/16\/2024\/06\/pic-scaled.jpg\" alt=\"\" class=\"wp-image-571\" style=\"aspect-ratio:2\/3;object-fit:cover\" title=\"\" srcset=\"https:\/\/grenville.swlauriersb.qc.ca\/wp-content\/uploads\/sites\/16\/2024\/06\/pic-scaled.jpg 2560w, https:\/\/grenville.swlauriersb.qc.ca\/wp-content\/uploads\/sites\/16\/2024\/06\/pic-300x232.jpg 300w, https:\/\/grenville.swlauriersb.qc.ca\/wp-content\/uploads\/sites\/16\/2024\/06\/pic-1024x791.jpg 1024w, https:\/\/grenville.swlauriersb.qc.ca\/wp-content\/uploads\/sites\/16\/2024\/06\/pic-768x593.jpg 768w, https:\/\/grenville.swlauriersb.qc.ca\/wp-content\/uploads\/sites\/16\/2024\/06\/pic-1536x1187.jpg 1536w, https:\/\/grenville.swlauriersb.qc.ca\/wp-content\/uploads\/sites\/16\/2024\/06\/pic-2048x1583.jpg 2048w\" sizes=\"(max-width: 2560px) 100vw, 2560px\" \/><\/figure>\n\n\n\n<h4 class=\"wp-block-heading is-style-team-member-name has-white-color has-text-color has-link-color wp-elements-c812558a48abae2266f961b559c53dc2\">Silvia Patella<\/h4>\n\n\n\n<p class=\"has-white-color has-text-color has-link-color wp-elements-33d9bf55a1462d5e0246d5d6595c0e73\">Enseignante-ressource&nbsp;&nbsp;<\/p>\n<\/div>\n<\/div>\n\n\n\n<div class=\"wp-block-columns is-layout-flex wp-container-core-columns-is-layout-4 wp-block-columns-is-layout-flex\">\n<div class=\"wp-block-column is-layout-flow wp-block-column-is-layout-flow\">\n<figure class=\"wp-block-image size-full is-style-team-portrait\"><img loading=\"lazy\" decoding=\"async\" width=\"640\" height=\"800\" src=\"http:\/\/grenville.swlauriersb.qc.ca\/wp-content\/uploads\/sites\/16\/2024\/06\/093_MACTAVISH_TRACY_01.jpg\" alt=\"\" class=\"wp-image-425\" style=\"aspect-ratio:2\/3;object-fit:cover\" title=\"\" srcset=\"https:\/\/grenville.swlauriersb.qc.ca\/wp-content\/uploads\/sites\/16\/2024\/06\/093_MACTAVISH_TRACY_01.jpg 640w, https:\/\/grenville.swlauriersb.qc.ca\/wp-content\/uploads\/sites\/16\/2024\/06\/093_MACTAVISH_TRACY_01-240x300.jpg 240w\" sizes=\"(max-width: 640px) 100vw, 640px\" \/><\/figure>\n\n\n\n<h4 class=\"wp-block-heading is-style-team-member-name has-white-color has-text-color has-link-color wp-elements-c43208479752fcee6546983f47ab7a27\">Tracy MacTavish&nbsp;<\/h4>\n\n\n\n<p>Technicienne en \u00e9ducation sp\u00e9cialis\u00e9e\/&nbsp;<\/p>\n\n\n\n<p>surveillante du midi&nbsp;&nbsp;<\/p>\n<\/div>\n\n\n\n<div class=\"wp-block-column is-layout-flow wp-block-column-is-layout-flow\">\n<figure class=\"wp-block-image size-full is-style-team-portrait\"><img loading=\"lazy\" decoding=\"async\" width=\"640\" height=\"800\" src=\"http:\/\/grenville.swlauriersb.qc.ca\/wp-content\/uploads\/sites\/16\/2024\/06\/094_NOBLE_HEATHER_01.jpg\" alt=\"\" class=\"wp-image-427\" style=\"aspect-ratio:2\/3;object-fit:cover\" title=\"\" srcset=\"https:\/\/grenville.swlauriersb.qc.ca\/wp-content\/uploads\/sites\/16\/2024\/06\/094_NOBLE_HEATHER_01.jpg 640w, https:\/\/grenville.swlauriersb.qc.ca\/wp-content\/uploads\/sites\/16\/2024\/06\/094_NOBLE_HEATHER_01-240x300.jpg 240w\" sizes=\"(max-width: 640px) 100vw, 640px\" \/><\/figure>\n\n\n\n<h4 class=\"wp-block-heading is-style-team-member-name has-white-color has-text-color has-link-color wp-elements-1e2ad0dcddb85319627e1153c1047fda\">Heather Noble<\/h4>\n\n\n\n<p class=\"has-white-color has-text-color has-link-color wp-elements-28af7000255a00fa26e47282def3d64e\">Pr\u00e9pos\u00e9e&nbsp;&nbsp;<\/p>\n<\/div>\n\n\n\n<div class=\"wp-block-column is-layout-flow wp-block-column-is-layout-flow\">\n<figure class=\"wp-block-image size-full is-style-team-portrait\"><img loading=\"lazy\" decoding=\"async\" width=\"640\" height=\"800\" src=\"http:\/\/grenville.swlauriersb.qc.ca\/wp-content\/uploads\/sites\/16\/2024\/05\/GES_SCRUTON_CAROLYN_StaffPhoto_2023-2024.jpg\" alt=\"\" class=\"wp-image-202\" style=\"aspect-ratio:2\/3;object-fit:cover\" title=\"\" srcset=\"https:\/\/grenville.swlauriersb.qc.ca\/wp-content\/uploads\/sites\/16\/2024\/05\/GES_SCRUTON_CAROLYN_StaffPhoto_2023-2024.jpg 640w, https:\/\/grenville.swlauriersb.qc.ca\/wp-content\/uploads\/sites\/16\/2024\/05\/GES_SCRUTON_CAROLYN_StaffPhoto_2023-2024-240x300.jpg 240w\" sizes=\"(max-width: 640px) 100vw, 640px\" \/><\/figure>\n\n\n\n<h4 class=\"wp-block-heading is-style-team-member-name has-white-color has-text-color has-link-color wp-elements-b5bc752348b5b8e350242296b878b8e5\">Carolyn Scruton<\/h4>\n\n\n\n<p class=\"has-white-color has-text-color has-link-color wp-elements-28af7000255a00fa26e47282def3d64e\">Pr\u00e9pos\u00e9e&nbsp;&nbsp;<\/p>\n<\/div>\n\n\n\n<div class=\"wp-block-column is-layout-flow wp-block-column-is-layout-flow\">\n<figure class=\"wp-block-image size-full is-resized is-style-team-portrait\"><img loading=\"lazy\" decoding=\"async\" width=\"2560\" height=\"1978\" src=\"http:\/\/grenville.swlauriersb.qc.ca\/wp-content\/uploads\/sites\/16\/2024\/06\/pic-scaled.jpg\" alt=\"\" class=\"wp-image-571\" style=\"aspect-ratio:0.6666666666666666;object-fit:cover;width:275px;height:auto\" title=\"\" srcset=\"https:\/\/grenville.swlauriersb.qc.ca\/wp-content\/uploads\/sites\/16\/2024\/06\/pic-scaled.jpg 2560w, https:\/\/grenville.swlauriersb.qc.ca\/wp-content\/uploads\/sites\/16\/2024\/06\/pic-300x232.jpg 300w, https:\/\/grenville.swlauriersb.qc.ca\/wp-content\/uploads\/sites\/16\/2024\/06\/pic-1024x791.jpg 1024w, https:\/\/grenville.swlauriersb.qc.ca\/wp-content\/uploads\/sites\/16\/2024\/06\/pic-768x593.jpg 768w, https:\/\/grenville.swlauriersb.qc.ca\/wp-content\/uploads\/sites\/16\/2024\/06\/pic-1536x1187.jpg 1536w, https:\/\/grenville.swlauriersb.qc.ca\/wp-content\/uploads\/sites\/16\/2024\/06\/pic-2048x1583.jpg 2048w\" sizes=\"(max-width: 2560px) 100vw, 2560px\" \/><\/figure>\n\n\n\n<h4 class=\"wp-block-heading is-style-team-member-name has-white-color has-text-color has-link-color wp-elements-1ee82ac877df7f955caad2a792dcfc59\">James Tower&nbsp;&nbsp;<\/h4>\n\n\n\n<p class=\"has-white-color has-text-color has-link-color wp-elements-6df6aec3dba6ab721dc4bfeea41b835e\">Personnel de l\u2019entretien&nbsp;&nbsp;<\/p>\n<\/div>\n<\/div>\n\n\n\n<div class=\"wp-block-columns is-layout-flex wp-container-core-columns-is-layout-5 wp-block-columns-is-layout-flex\">\n<div class=\"wp-block-column is-layout-flow wp-block-column-is-layout-flow\">\n<figure class=\"wp-block-image size-full is-style-team-portrait\"><img loading=\"lazy\" decoding=\"async\" width=\"640\" height=\"800\" src=\"http:\/\/grenville.swlauriersb.qc.ca\/wp-content\/uploads\/sites\/16\/2024\/05\/GES_HOARE_TAMMY_StaffPhoto_2023-2024.jpg\" alt=\"\" class=\"wp-image-191\" style=\"aspect-ratio:2\/3;object-fit:cover\" title=\"\" srcset=\"https:\/\/grenville.swlauriersb.qc.ca\/wp-content\/uploads\/sites\/16\/2024\/05\/GES_HOARE_TAMMY_StaffPhoto_2023-2024.jpg 640w, https:\/\/grenville.swlauriersb.qc.ca\/wp-content\/uploads\/sites\/16\/2024\/05\/GES_HOARE_TAMMY_StaffPhoto_2023-2024-240x300.jpg 240w\" sizes=\"(max-width: 640px) 100vw, 640px\" \/><\/figure>\n\n\n\n<h4 class=\"wp-block-heading is-style-team-member-name has-white-color has-text-color has-link-color wp-elements-2dc511ee99ab3a2b60cb5ef360cdc0b1\">Tammy Hoare&nbsp;&nbsp;<\/h4>\n\n\n\n<p class=\"has-white-color has-text-color has-link-color wp-elements-20467104248848296fd7ecc569c60640\">Surveillante du midi\/pr\u00e9pos\u00e9e&nbsp;&nbsp;<\/p>\n<\/div>\n\n\n\n<div class=\"wp-block-column is-layout-flow wp-block-column-is-layout-flow\">\n<figure class=\"wp-block-image size-full is-style-team-portrait\"><img loading=\"lazy\" decoding=\"async\" width=\"2560\" height=\"1978\" src=\"http:\/\/grenville.swlauriersb.qc.ca\/wp-content\/uploads\/sites\/16\/2024\/06\/pic-scaled.jpg\" alt=\"\" class=\"wp-image-571\" style=\"aspect-ratio:2\/3;object-fit:cover\" title=\"\" srcset=\"https:\/\/grenville.swlauriersb.qc.ca\/wp-content\/uploads\/sites\/16\/2024\/06\/pic-scaled.jpg 2560w, https:\/\/grenville.swlauriersb.qc.ca\/wp-content\/uploads\/sites\/16\/2024\/06\/pic-300x232.jpg 300w, https:\/\/grenville.swlauriersb.qc.ca\/wp-content\/uploads\/sites\/16\/2024\/06\/pic-1024x791.jpg 1024w, https:\/\/grenville.swlauriersb.qc.ca\/wp-content\/uploads\/sites\/16\/2024\/06\/pic-768x593.jpg 768w, https:\/\/grenville.swlauriersb.qc.ca\/wp-content\/uploads\/sites\/16\/2024\/06\/pic-1536x1187.jpg 1536w, https:\/\/grenville.swlauriersb.qc.ca\/wp-content\/uploads\/sites\/16\/2024\/06\/pic-2048x1583.jpg 2048w\" sizes=\"(max-width: 2560px) 100vw, 2560px\" \/><\/figure>\n\n\n\n<h4 class=\"wp-block-heading is-style-team-member-name has-white-color has-text-color has-link-color wp-elements-cb0cc027d6edc0bcd12098308b0f4a69\">ian hepburn&nbsp;&nbsp;<\/h4>\n\n\n\n<p class=\"has-white-color has-text-color has-link-color wp-elements-472fba83e7ef50cb760fb5e08a210f70\">Musique&nbsp;&nbsp;&nbsp;<\/p>\n<\/div>\n\n\n\n<div class=\"wp-block-column is-layout-flow wp-block-column-is-layout-flow\">\n<figure class=\"wp-block-image size-full is-style-team-portrait\"><img loading=\"lazy\" decoding=\"async\" width=\"640\" height=\"800\" src=\"http:\/\/grenville.swlauriersb.qc.ca\/wp-content\/uploads\/sites\/16\/2024\/05\/GES_WILBY_ANGELA_StaffPhoto_2023-2024.jpg\" alt=\"\" class=\"wp-image-207\" style=\"aspect-ratio:2\/3;object-fit:cover\" title=\"\" srcset=\"https:\/\/grenville.swlauriersb.qc.ca\/wp-content\/uploads\/sites\/16\/2024\/05\/GES_WILBY_ANGELA_StaffPhoto_2023-2024.jpg 640w, https:\/\/grenville.swlauriersb.qc.ca\/wp-content\/uploads\/sites\/16\/2024\/05\/GES_WILBY_ANGELA_StaffPhoto_2023-2024-240x300.jpg 240w\" sizes=\"(max-width: 640px) 100vw, 640px\" \/><\/figure>\n\n\n\n<h4 class=\"wp-block-heading is-style-team-member-name has-white-color has-text-color has-link-color wp-elements-74e88b51a80062e323211a10a02640bc\">Angela Wilby&nbsp;&nbsp;<\/h4>\n\n\n\n<p class=\"has-white-color has-text-color has-link-color wp-elements-28af7000255a00fa26e47282def3d64e\">Pr\u00e9pos\u00e9e&nbsp;&nbsp;<\/p>\n<\/div>\n\n\n\n<div class=\"wp-block-column is-layout-flow wp-block-column-is-layout-flow\">\n<h4 class=\"wp-block-heading is-style-team-member-name has-white-color has-text-color has-link-color wp-elements-680433e3913370c28b7830c70d700d51\"><\/h4>\n\n\n\n<p class=\"has-white-color has-text-color has-link-color wp-elements-c645e628e62f8fbab9d9726851472d16\"><\/p>\n<\/div>\n<\/div>\n<\/div><\/section>\n","protected":false},"excerpt":{"rendered":"","protected":false},"author":1,"featured_media":0,"parent":288,"menu_order":0,"comment_status":"closed","ping_status":"closed","template":"","meta":{"_acf_changed":false,"_relevanssi_hide_post":"","_relevanssi_hide_content":"","_relevanssi_pin_for_all":"","_relevanssi_pin_keywords":"","_relevanssi_unpin_keywords":"","_relevanssi_related_keywords":"","_relevanssi_related_include_ids":"","_relevanssi_related_exclude_ids":"","_relevanssi_related_no_append":"","_relevanssi_related_not_related":"","_relevanssi_related_posts":"","_relevanssi_noindex_reason":"","footnotes":""},"acf":[],"_links":{"self":[{"href":"https:\/\/grenville.swlauriersb.qc.ca\/fr\/wp-json\/wp\/v2\/pages\/269"}],"collection":[{"href":"https:\/\/grenville.swlauriersb.qc.ca\/fr\/wp-json\/wp\/v2\/pages"}],"about":[{"href":"https:\/\/grenville.swlauriersb.qc.ca\/fr\/wp-json\/wp\/v2\/types\/page"}],"author":[{"embeddable":true,"href":"https:\/\/grenville.swlauriersb.qc.ca\/fr\/wp-json\/wp\/v2\/users\/1"}],"replies":[{"embeddable":true,"href":"https:\/\/grenville.swlauriersb.qc.ca\/fr\/wp-json\/wp\/v2\/comments?post=269"}],"version-history":[{"count":7,"href":"https:\/\/grenville.swlauriersb.qc.ca\/fr\/wp-json\/wp\/v2\/pages\/269\/revisions"}],"predecessor-version":[{"id":712,"href":"https:\/\/grenville.swlauriersb.qc.ca\/fr\/wp-json\/wp\/v2\/pages\/269\/revisions\/712"}],"up":[{"embeddable":true,"href":"https:\/\/grenville.swlauriersb.qc.ca\/fr\/wp-json\/wp\/v2\/pages\/288"}],"wp:attachment":[{"href":"https:\/\/grenville.swlauriersb.qc.ca\/fr\/wp-json\/wp\/v2\/media?parent=269"}],"curies":[{"name":"wp","href":"https:\/\/api.w.org\/{rel}","templated":true}]}}