{"id":288,"date":"2024-05-08T14:20:59","date_gmt":"2024-05-08T18:20:59","guid":{"rendered":"https:\/\/grenville.swlauriersb.qc.ca\/our-school\/"},"modified":"2024-05-13T22:13:40","modified_gmt":"2024-05-13T22:13:40","slug":"a-propos","status":"publish","type":"page","link":"https:\/\/grenville.swlauriersb.qc.ca\/fr\/a-propos\/","title":{"rendered":"\u00c0 propos"},"content":{"rendered":"\n<h2 class=\"wp-block-heading\">\u00c9cole primaire de Grenville\u00a0\u00a0<\/h2>\n\n\n\n<p>Le bassin d\u2019alimentation comprend la Ville de Grenville, la Municipalit\u00e9 de Grenville-sur-la-Rouge (\u00e0 l\u2019exclusion de la r\u00e9gion \u00e0 l\u2019est du lac Keatley et de la route 327), la\u202fVille de Brownsburg-Chatham (de la route 148 Est \u00e0 la mont\u00e9e Stonefield), le secteur Marelan (de la route 344 Est jusqu\u2019\u00e0 la mont\u00e9e Stonefield.&nbsp;&nbsp;<\/p>\n\n\n\n<p>&nbsp;La municipalit\u00e9 de Harrington (au nord sur la route 327 jusqu\u2019\u00e0 Lost River, \u00e0 l\u2019ouest sur le chemin de la Rivi\u00e8re-Maskinong\u00e9 jusqu\u2019\u00e0 la fronti\u00e8re municipale et au nord sur le chemin de la Rivi\u00e8re-Rouge jusqu\u2019\u00e0 la fronti\u00e8re municipale).&nbsp;&nbsp;<\/p>\n\n\n\n<p>Dans bien des cas, des classes multi\u00e2ges permettent aux \u00e9l\u00e8ves d\u2019apprendre avec les m\u00eames enseignantes et enseignants pendant deux ann\u00e9es cons\u00e9cutives. Cette situation assure une coh\u00e9rence et une stabilit\u00e9, et favorise le d\u00e9veloppement constant des \u00e9l\u00e8ves, particuli\u00e8rement les \u00e9l\u00e8ves ayant des besoins particuliers.&nbsp;&nbsp;<\/p>\n\n\n\n<p>Notre personnel d\u00e9vou\u00e9 met tout en \u0153uvre pour enseigner des programmes de qualit\u00e9 qui am\u00e9liorent les habilet\u00e9s des \u00e9l\u00e8ves en \u00e9criture, en lecture et en math\u00e9matique, et d\u00e9veloppent leur pens\u00e9e critique, donnant ainsi \u00e0 chacun d\u2019entre eux les aptitudes n\u00e9cessaires pour r\u00e9ussir.&nbsp;&nbsp;<\/p>\n","protected":false},"excerpt":{"rendered":"<p>\u00c9cole primaire de Grenville\u00a0\u00a0 Le bassin d\u2019alimentation comprend la Ville de Grenville, la Municipalit\u00e9 de Grenville-sur-la-Rouge (\u00e0 l\u2019exclusion de la r\u00e9gion \u00e0 l\u2019est du lac Keatley et de la route 327), la\u202fVille de Brownsburg-Chatham (de la route 148 Est \u00e0 la mont\u00e9e Stonefield), le secteur Marelan (de la route 344 Est jusqu\u2019\u00e0 la mont\u00e9e Stonefield.&nbsp;&nbsp;&hellip;<\/p>\n","protected":false},"author":1,"featured_media":0,"parent":0,"menu_order":0,"comment_status":"closed","ping_status":"closed","template":"","meta":{"_acf_changed":false,"_relevanssi_hide_post":"","_relevanssi_hide_content":"","_relevanssi_pin_for_all":"","_relevanssi_pin_keywords":"","_relevanssi_unpin_keywords":"","_relevanssi_related_keywords":"","_relevanssi_related_include_ids":"","_relevanssi_related_exclude_ids":"","_relevanssi_related_no_append":"","_relevanssi_related_not_related":"","_relevanssi_related_posts":"610,641,685,627,652,588","_relevanssi_noindex_reason":"","footnotes":""},"acf":[],"_links":{"self":[{"href":"https:\/\/grenville.swlauriersb.qc.ca\/fr\/wp-json\/wp\/v2\/pages\/288"}],"collection":[{"href":"https:\/\/grenville.swlauriersb.qc.ca\/fr\/wp-json\/wp\/v2\/pages"}],"about":[{"href":"https:\/\/grenville.swlauriersb.qc.ca\/fr\/wp-json\/wp\/v2\/types\/page"}],"author":[{"embeddable":true,"href":"https:\/\/grenville.swlauriersb.qc.ca\/fr\/wp-json\/wp\/v2\/users\/1"}],"replies":[{"embeddable":true,"href":"https:\/\/grenville.swlauriersb.qc.ca\/fr\/wp-json\/wp\/v2\/comments?post=288"}],"version-history":[{"count":2,"href":"https:\/\/grenville.swlauriersb.qc.ca\/fr\/wp-json\/wp\/v2\/pages\/288\/revisions"}],"predecessor-version":[{"id":345,"href":"https:\/\/grenville.swlauriersb.qc.ca\/fr\/wp-json\/wp\/v2\/pages\/288\/revisions\/345"}],"wp:attachment":[{"href":"https:\/\/grenville.swlauriersb.qc.ca\/fr\/wp-json\/wp\/v2\/media?parent=288"}],"curies":[{"name":"wp","href":"https:\/\/api.w.org\/{rel}","templated":true}]}}