{"id":289,"date":"2024-05-08T14:21:24","date_gmt":"2024-05-08T18:21:24","guid":{"rendered":"https:\/\/grenville.swlauriersb.qc.ca\/our-school\/principals-message\/"},"modified":"2024-06-25T13:52:18","modified_gmt":"2024-06-25T17:52:18","slug":"message-de-la-direction","status":"publish","type":"page","link":"https:\/\/grenville.swlauriersb.qc.ca\/fr\/a-propos\/message-de-la-direction\/","title":{"rendered":"Message de la direction"},"content":{"rendered":"\n<div class=\"wp-block-media-text is-stacked-on-mobile\"><figure class=\"wp-block-media-text__media\"><img loading=\"lazy\" decoding=\"async\" width=\"1024\" height=\"683\" src=\"https:\/\/grenville.swlauriersb.qc.ca\/wp-content\/uploads\/sites\/16\/2024\/05\/GES_principal_message_mrs_Bennett_office_2023-2024-1024x683.jpg\" alt=\"\" class=\"wp-image-182 size-full\" title=\"\" srcset=\"https:\/\/grenville.swlauriersb.qc.ca\/wp-content\/uploads\/sites\/16\/2024\/05\/GES_principal_message_mrs_Bennett_office_2023-2024-1024x683.jpg 1024w, https:\/\/grenville.swlauriersb.qc.ca\/wp-content\/uploads\/sites\/16\/2024\/05\/GES_principal_message_mrs_Bennett_office_2023-2024-300x200.jpg 300w, https:\/\/grenville.swlauriersb.qc.ca\/wp-content\/uploads\/sites\/16\/2024\/05\/GES_principal_message_mrs_Bennett_office_2023-2024-768x512.jpg 768w, https:\/\/grenville.swlauriersb.qc.ca\/wp-content\/uploads\/sites\/16\/2024\/05\/GES_principal_message_mrs_Bennett_office_2023-2024-1536x1024.jpg 1536w, https:\/\/grenville.swlauriersb.qc.ca\/wp-content\/uploads\/sites\/16\/2024\/05\/GES_principal_message_mrs_Bennett_office_2023-2024-2048x1365.jpg 2048w\" sizes=\"(max-width: 1024px) 100vw, 1024px\" \/><\/figure><div class=\"wp-block-media-text__content\">\n<p>Chers parents, \u00e9l\u00e8ves, tutrices et tuteurs,\u00a0<\/p>\n\n\n\n<p>Bienvenue \u00e0 l\u2019\u00e9cole primaire de Grenville Je suis ravie de souhaiter un bon retour aux familles de l\u2019\u00e9cole et d\u2019accueillir chaleureusement toutes les nouvelles familles qui se joignent \u00e0 nous alors que nous amor\u00e7ons une autre formidable ann\u00e9e scolaire. Nous sommes engag\u00e9s \u00e0 offrir un environnement d\u2019apprentissage bienveillant et stimulant qui favorise l\u2019excellence scolaire, la croissance personnelle et un sens de la communaut\u00e9.&nbsp;<\/p>\n\n\n\n<p>Nous croyons que l\u2019\u00e9ducation est une d\u00e9marche de collaboration entre l\u2019\u00e9cole et la maison, et nous encourageons la communication ouverte et la participation active des parents, tutrices ou tuteurs. Si vous avez des questions ou des inqui\u00e9tudes, n\u2019h\u00e9sitez pas \u00e0 communiquer avec les membres d\u00e9vou\u00e9s de notre personnel ou de la direction.&nbsp;<\/p>\n\n\n\n<p>Merci de placer votre confiance en nous pour l\u2019\u00e9ducation et le bien-\u00eatre de votre enfant. Nous nous r\u00e9jouissons \u00e0 l\u2019id\u00e9e de passer une ann\u00e9e fantastique apportant croissance, d\u00e9couverte et r\u00e9ussite.&nbsp;<\/p>\n\n\n\n<p>Nancy Bennett&nbsp;<\/p>\n\n\n\n<p>Directrice&nbsp;<\/p>\n\n\n\n<p>\u00c9cole primaire de Grenville&nbsp;<\/p>\n<\/div><\/div>\n","protected":false},"excerpt":{"rendered":"<p>Chers parents, \u00e9l\u00e8ves, tutrices et tuteurs,\u00a0 Bienvenue \u00e0 l\u2019\u00e9cole primaire de Grenville Je suis ravie de souhaiter un bon retour aux familles de l\u2019\u00e9cole et d\u2019accueillir chaleureusement toutes les nouvelles familles qui se joignent \u00e0 nous alors que nous amor\u00e7ons une autre formidable ann\u00e9e scolaire. Nous sommes engag\u00e9s \u00e0 offrir un environnement d\u2019apprentissage bienveillant et&hellip;<\/p>\n","protected":false},"author":1,"featured_media":501,"parent":288,"menu_order":0,"comment_status":"closed","ping_status":"closed","template":"","meta":{"_acf_changed":false,"_relevanssi_hide_post":"","_relevanssi_hide_content":"","_relevanssi_pin_for_all":"","_relevanssi_pin_keywords":"","_relevanssi_unpin_keywords":"","_relevanssi_related_keywords":"","_relevanssi_related_include_ids":"","_relevanssi_related_exclude_ids":"","_relevanssi_related_no_append":"","_relevanssi_related_not_related":"","_relevanssi_related_posts":"588","_relevanssi_noindex_reason":"","footnotes":""},"acf":[],"_links":{"self":[{"href":"https:\/\/grenville.swlauriersb.qc.ca\/fr\/wp-json\/wp\/v2\/pages\/289"}],"collection":[{"href":"https:\/\/grenville.swlauriersb.qc.ca\/fr\/wp-json\/wp\/v2\/pages"}],"about":[{"href":"https:\/\/grenville.swlauriersb.qc.ca\/fr\/wp-json\/wp\/v2\/types\/page"}],"author":[{"embeddable":true,"href":"https:\/\/grenville.swlauriersb.qc.ca\/fr\/wp-json\/wp\/v2\/users\/1"}],"replies":[{"embeddable":true,"href":"https:\/\/grenville.swlauriersb.qc.ca\/fr\/wp-json\/wp\/v2\/comments?post=289"}],"version-history":[{"count":2,"href":"https:\/\/grenville.swlauriersb.qc.ca\/fr\/wp-json\/wp\/v2\/pages\/289\/revisions"}],"predecessor-version":[{"id":562,"href":"https:\/\/grenville.swlauriersb.qc.ca\/fr\/wp-json\/wp\/v2\/pages\/289\/revisions\/562"}],"up":[{"embeddable":true,"href":"https:\/\/grenville.swlauriersb.qc.ca\/fr\/wp-json\/wp\/v2\/pages\/288"}],"wp:featuredmedia":[{"embeddable":true,"href":"https:\/\/grenville.swlauriersb.qc.ca\/fr\/wp-json\/wp\/v2\/media\/501"}],"wp:attachment":[{"href":"https:\/\/grenville.swlauriersb.qc.ca\/fr\/wp-json\/wp\/v2\/media?parent=289"}],"curies":[{"name":"wp","href":"https:\/\/api.w.org\/{rel}","templated":true}]}}