{"id":290,"date":"2024-05-08T14:26:06","date_gmt":"2024-05-08T18:26:06","guid":{"rendered":"https:\/\/grenville.swlauriersb.qc.ca\/our-school\/registration\/"},"modified":"2024-06-25T12:28:54","modified_gmt":"2024-06-25T16:28:54","slug":"inscription","status":"publish","type":"page","link":"https:\/\/grenville.swlauriersb.qc.ca\/fr\/a-propos\/inscription\/","title":{"rendered":"Inscription"},"content":{"rendered":"\n<h2 class=\"wp-block-heading\">Nouvelles inscriptions\u00a0\u00a0<\/h2>\n\n\n\n<p>\u00abText\u00bb &#8211; Lancez-vous dans un parcours de connaissances, de cr\u00e9ativit\u00e9 et de possibilit\u00e9s infinies! Joignez-vous \u00e0 nous \u00e0 l\u2019\u00e9cole primaire de Grenville, o\u00f9 chaque \u00e9l\u00e8ve repr\u00e9sente une histoire qui n\u2019attend que d\u2019\u00eatre racont\u00e9e. Inscrivez votre enfant aujourd&#8217;hui, et que l\u2019aventure commence!&nbsp;<\/p>\n\n\n\n<p>Veuillez noter que la p\u00e9riode d&#8217;inscription des nouveaux \u00e9l\u00e8ves pour l&#8217;ann\u00e9e scolaire 2024-2025 est du 22\u202fjanvier au 29\u202ff\u00e9vrier inclusivement.&nbsp;<\/p>\n\n\n\n<p>Les documents suivants seront requis pour l\u2019inscription\u202f:&nbsp;<\/p>\n\n\n\n<p>\u2022 Certificat de naissance de l&#8217;enfant (portant les noms des deux parents);&nbsp;<\/p>\n\n\n\n<p>\u2022 Certificats de naissance des deux (2) parents ou passeports valides;&nbsp;<\/p>\n\n\n\n<p>\u2022 Preuve d&#8217;\u00e9tudes en anglais du parent\/du fr\u00e8re\/de la s\u0153ur telle que code permanent ou le certificat d\u2019admissibilit\u00e9;&nbsp;<\/p>\n\n\n\n<p>\u2022 Deux (2) preuves de r\u00e9sidence \u2013 si vous \u00eates propri\u00e9taire de votre maison, une de ces preuves doit \u00eatre votre derni\u00e8re facture de taxe scolaire.&nbsp;<\/p>\n\n\n\n<p>Veuillez appeler l\u2019\u00e9cole au 819\u202f242-2852, poste\u202f5315, ou envoyez un courriel au secr\u00e9tariat de l&#8217;\u00e9cole \u00e0 hholmes@swlauriersb.qc.ca pour conna\u00eetre les modalit\u00e9s d&#8217;inscription.&nbsp;<\/p>\n\n\n\n<p>Merci&nbsp;<\/p>\n","protected":false},"excerpt":{"rendered":"<p>Nouvelles inscriptions\u00a0\u00a0 \u00abText\u00bb &#8211; Lancez-vous dans un parcours de connaissances, de cr\u00e9ativit\u00e9 et de possibilit\u00e9s infinies! Joignez-vous \u00e0 nous \u00e0 l\u2019\u00e9cole primaire de Grenville, o\u00f9 chaque \u00e9l\u00e8ve repr\u00e9sente une histoire qui n\u2019attend que d\u2019\u00eatre racont\u00e9e. Inscrivez votre enfant aujourd&#8217;hui, et que l\u2019aventure commence!&nbsp; Veuillez noter que la p\u00e9riode d&#8217;inscription des nouveaux \u00e9l\u00e8ves pour l&#8217;ann\u00e9e scolaire&hellip;<\/p>\n","protected":false},"author":1,"featured_media":0,"parent":288,"menu_order":0,"comment_status":"closed","ping_status":"closed","template":"","meta":{"_acf_changed":false,"_relevanssi_hide_post":"","_relevanssi_hide_content":"","_relevanssi_pin_for_all":"","_relevanssi_pin_keywords":"","_relevanssi_unpin_keywords":"","_relevanssi_related_keywords":"","_relevanssi_related_include_ids":"","_relevanssi_related_exclude_ids":"","_relevanssi_related_no_append":"","_relevanssi_related_not_related":"","_relevanssi_related_posts":"","_relevanssi_noindex_reason":"","footnotes":""},"acf":[],"_links":{"self":[{"href":"https:\/\/grenville.swlauriersb.qc.ca\/fr\/wp-json\/wp\/v2\/pages\/290"}],"collection":[{"href":"https:\/\/grenville.swlauriersb.qc.ca\/fr\/wp-json\/wp\/v2\/pages"}],"about":[{"href":"https:\/\/grenville.swlauriersb.qc.ca\/fr\/wp-json\/wp\/v2\/types\/page"}],"author":[{"embeddable":true,"href":"https:\/\/grenville.swlauriersb.qc.ca\/fr\/wp-json\/wp\/v2\/users\/1"}],"replies":[{"embeddable":true,"href":"https:\/\/grenville.swlauriersb.qc.ca\/fr\/wp-json\/wp\/v2\/comments?post=290"}],"version-history":[{"count":1,"href":"https:\/\/grenville.swlauriersb.qc.ca\/fr\/wp-json\/wp\/v2\/pages\/290\/revisions"}],"predecessor-version":[{"id":347,"href":"https:\/\/grenville.swlauriersb.qc.ca\/fr\/wp-json\/wp\/v2\/pages\/290\/revisions\/347"}],"up":[{"embeddable":true,"href":"https:\/\/grenville.swlauriersb.qc.ca\/fr\/wp-json\/wp\/v2\/pages\/288"}],"wp:attachment":[{"href":"https:\/\/grenville.swlauriersb.qc.ca\/fr\/wp-json\/wp\/v2\/media?parent=290"}],"curies":[{"name":"wp","href":"https:\/\/api.w.org\/{rel}","templated":true}]}}